{"id":1988,"date":"2025-02-28T20:32:04","date_gmt":"2025-02-28T19:32:04","guid":{"rendered":"https:\/\/www.ezoela.com\/ez1\/?page_id=1988"},"modified":"2025-12-01T15:38:32","modified_gmt":"2025-12-01T14:38:32","slug":"consommables-informatique","status":"publish","type":"page","link":"https:\/\/www.ezoela.com\/ez1\/index.php\/consommables-informatique\/","title":{"rendered":"Consommables informatique"},"content":{"rendered":"\t\t<div data-elementor-type=\"wp-page\" data-elementor-id=\"1988\" class=\"elementor elementor-1988\">\n\t\t\t\t\t\t<section class=\"elementor-section elementor-top-section elementor-element elementor-element-096f246 elementor-section-height-min-height elementor-section-boxed elementor-section-height-default elementor-section-items-middle wpr-particle-no wpr-jarallax-no wpr-parallax-no wpr-sticky-section-no\" data-id=\"096f246\" data-element_type=\"section\" data-settings=\"{&quot;background_background&quot;:&quot;classic&quot;}\">\n\t\t\t\t\t\t\t<div class=\"elementor-background-overlay\"><\/div>\n\t\t\t\t\t\t\t<div class=\"elementor-container elementor-column-gap-default\">\n\t\t\t\t\t<div class=\"elementor-column elementor-col-100 elementor-top-column elementor-element elementor-element-258e0f5\" data-id=\"258e0f5\" data-element_type=\"column\">\n\t\t\t<div class=\"elementor-widget-wrap elementor-element-populated\">\n\t\t\t\t\t\t<div class=\"elementor-element elementor-element-2be77f0 wpr-button-icon-style-inline wpr-button-icon-position-right elementor-widget elementor-widget-wpr-button\" data-id=\"2be77f0\" data-element_type=\"widget\" data-widget_type=\"wpr-button.default\">\n\t\t\t\t<div class=\"elementor-widget-container\">\n\t\t\t\t\t\t\n\t\t\t\n\t\t\n\t\t<div class=\"wpr-button-wrap elementor-clearfix\">\n\t\t<a class=\"wpr-button wpr-button-effect wpr-button-none\" data-text=\"\" href=\"http:\/\/ezoela.store\/index.php\/contact\/\">\n\t\t\t\n\t\t\t<span class=\"wpr-button-content\">\n\t\t\t\t\t\t\t\t\t<span class=\"wpr-button-text\">Contactez-nous<\/span>\n\t\t\t\t\t\t\t\t\n\t\t\t\t\t\t\t<\/span>\n\t\t<\/a>\n\n\t\t\t\t<\/div>\n\t\n\t\n\t\t\t\t\t<\/div>\n\t\t\t\t<\/div>\n\t\t\t\t\t<\/div>\n\t\t<\/div>\n\t\t\t\t\t<\/div>\n\t\t<\/section>\n\t\t\t\t<section class=\"elementor-section elementor-top-section elementor-element elementor-element-31c2c2f elementor-section-boxed elementor-section-height-default elementor-section-height-default wpr-particle-no wpr-jarallax-no wpr-parallax-no wpr-sticky-section-no\" data-id=\"31c2c2f\" data-element_type=\"section\">\n\t\t\t\t\t\t<div class=\"elementor-container elementor-column-gap-wide\">\n\t\t\t\t\t<div class=\"elementor-column elementor-col-50 elementor-top-column elementor-element elementor-element-c3c0472\" data-id=\"c3c0472\" data-element_type=\"column\">\n\t\t\t<div class=\"elementor-widget-wrap elementor-element-populated\">\n\t\t\t\t\t\t<div class=\"elementor-element elementor-element-59d9395 elementor-widget-laptop__width-initial elementor-widget elementor-widget-text-editor\" data-id=\"59d9395\" data-element_type=\"widget\" data-widget_type=\"text-editor.default\">\n\t\t\t\t<div class=\"elementor-widget-container\">\n\t\t\t\t\t\t\t\t\t<p>Dans un monde o\u00f9 la technologie \u00e9volue \u00e0 une vitesse fulgurante, la n\u00e9cessit\u00e9 d&rsquo;\u00e9quipements informatiques de qualit\u00e9 et de consommables fiables n&rsquo;a jamais \u00e9t\u00e9 aussi cruciale. Ezoela Sarl se positionne comme un acteur incontournable dans ce<br \/>domaine, offrant une large gamme de produits allant des cartouches d&rsquo;encre et toners aux accessoires divers pour ordinateurs. Avec un engagement envers l&rsquo;excellence et la satisfaction client, Ezoela Sarl s&rsquo;efforce de fournir des solutions adapt\u00e9es aux besoins des professionnels comme des particuliers.<\/p>\t\t\t\t\t\t\t\t<\/div>\n\t\t\t\t<\/div>\n\t\t\t\t\t<\/div>\n\t\t<\/div>\n\t\t\t\t<div class=\"elementor-column elementor-col-50 elementor-top-column elementor-element elementor-element-7c3409c elementor-hidden-tablet elementor-hidden-mobile\" data-id=\"7c3409c\" data-element_type=\"column\">\n\t\t\t<div class=\"elementor-widget-wrap elementor-element-populated\">\n\t\t\t\t\t\t<div class=\"elementor-element elementor-element-406380c elementor-widget elementor-widget-image\" data-id=\"406380c\" data-element_type=\"widget\" data-widget_type=\"image.default\">\n\t\t\t\t<div class=\"elementor-widget-container\">\n\t\t\t\t\t\t\t\t\t\t\t\t\t\t\t<img fetchpriority=\"high\" decoding=\"async\" width=\"2560\" height=\"2560\" src=\"https:\/\/www.ezoela.com\/ez1\/wp-content\/uploads\/2025\/02\/3d-workstation-with-computer-peripheral-devices-1-scaled.jpg\" class=\"attachment-full size-full wp-image-1922\" alt=\"\" srcset=\"https:\/\/www.ezoela.com\/ez1\/wp-content\/uploads\/2025\/02\/3d-workstation-with-computer-peripheral-devices-1-scaled.jpg 2560w, https:\/\/www.ezoela.com\/ez1\/wp-content\/uploads\/2025\/02\/3d-workstation-with-computer-peripheral-devices-1-300x300.jpg 300w, https:\/\/www.ezoela.com\/ez1\/wp-content\/uploads\/2025\/02\/3d-workstation-with-computer-peripheral-devices-1-1024x1024.jpg 1024w, https:\/\/www.ezoela.com\/ez1\/wp-content\/uploads\/2025\/02\/3d-workstation-with-computer-peripheral-devices-1-150x150.jpg 150w, https:\/\/www.ezoela.com\/ez1\/wp-content\/uploads\/2025\/02\/3d-workstation-with-computer-peripheral-devices-1-768x768.jpg 768w, https:\/\/www.ezoela.com\/ez1\/wp-content\/uploads\/2025\/02\/3d-workstation-with-computer-peripheral-devices-1-1536x1536.jpg 1536w, https:\/\/www.ezoela.com\/ez1\/wp-content\/uploads\/2025\/02\/3d-workstation-with-computer-peripheral-devices-1-2048x2048.jpg 2048w\" sizes=\"(max-width: 2560px) 100vw, 2560px\" \/>\t\t\t\t\t\t\t\t\t\t\t\t\t\t\t<\/div>\n\t\t\t\t<\/div>\n\t\t\t\t\t<\/div>\n\t\t<\/div>\n\t\t\t\t\t<\/div>\n\t\t<\/section>\n\t\t\t\t<section class=\"elementor-section elementor-top-section elementor-element elementor-element-1861e4d elementor-section-boxed elementor-section-height-default elementor-section-height-default wpr-particle-no wpr-jarallax-no wpr-parallax-no wpr-sticky-section-no\" data-id=\"1861e4d\" data-element_type=\"section\" data-settings=\"{&quot;background_background&quot;:&quot;classic&quot;}\">\n\t\t\t\t\t\t<div class=\"elementor-container elementor-column-gap-default\">\n\t\t\t\t\t<div class=\"elementor-column elementor-col-100 elementor-top-column elementor-element elementor-element-6931348\" data-id=\"6931348\" data-element_type=\"column\">\n\t\t\t<div class=\"elementor-widget-wrap elementor-element-populated\">\n\t\t\t\t\t\t<div class=\"elementor-element elementor-element-7e36ee1 wpr-grid-columns-3 wpr-grid-columns--laptop3 wpr-grid-columns--tablet2 wpr-grid-columns--mobile1 wpr-grid-pagination-center wpr-item-styles-inner elementor-widget elementor-widget-wpr-grid\" data-id=\"7e36ee1\" data-element_type=\"widget\" data-widget_type=\"wpr-grid.default\">\n\t\t\t\t<div class=\"elementor-widget-container\">\n\t\t\t\t\t<ul class=\"wpr-grid-filters elementor-clearfix wpr-grid-filters-sep-right\"><li class=\" wpr-pointer-none wpr-pointer-line-fx wpr-pointer-fx-none\"><span  data-filter=\"*\" class=\"wpr-grid-filters-item wpr-active-filter \">All<\/span><em class=\"wpr-grid-filters-sep\"><\/em><\/li><li class=\" wpr-pointer-none wpr-pointer-line-fx wpr-pointer-fx-none\"><span   data-ajax-filter=[\"category\",\"consommables-informatique\"]  data-filter=\".category-consommables-informatique\">Consommables Informatique<\/span><em class=\"wpr-grid-filters-sep\"><\/em><\/li><\/ul><section class=\"wpr-grid elementor-clearfix\" data-settings=\"{&quot;layout&quot;:&quot;fitRows&quot;,&quot;stick_last_element_to_bottom&quot;:&quot;&quot;,&quot;columns_desktop&quot;:&quot;3&quot;,&quot;gutter_hr&quot;:15,&quot;gutter_hr_mobile&quot;:15,&quot;gutter_hr_mobile_extra&quot;:15,&quot;gutter_hr_tablet&quot;:15,&quot;gutter_hr_tablet_extra&quot;:15,&quot;gutter_hr_laptop&quot;:15,&quot;gutter_hr_widescreen&quot;:15,&quot;gutter_vr&quot;:15,&quot;gutter_vr_mobile&quot;:15,&quot;gutter_vr_mobile_extra&quot;:15,&quot;gutter_vr_tablet&quot;:15,&quot;gutter_vr_tablet_extra&quot;:15,&quot;gutter_vr_laptop&quot;:15,&quot;gutter_vr_widescreen&quot;:15,&quot;animation&quot;:&quot;fade&quot;,&quot;animation_duration&quot;:0.4,&quot;animation_delay&quot;:0.2,&quot;deeplinking&quot;:&quot;&quot;,&quot;filters_linkable&quot;:&quot;no&quot;,&quot;filters_default_filter&quot;:&quot;&quot;,&quot;filters_count&quot;:&quot;&quot;,&quot;filters_hide_empty&quot;:&quot;yes&quot;,&quot;filters_animation&quot;:&quot;default&quot;,&quot;filters_animation_duration&quot;:0.4,&quot;filters_animation_delay&quot;:0.2,&quot;pagination_type&quot;:&quot;load-more&quot;,&quot;pagination_max_pages&quot;:1,&quot;lightbox&quot;:{&quot;selector&quot;:&quot;.wpr-grid-image-wrap&quot;,&quot;iframeMaxWidth&quot;:&quot;60%&quot;,&quot;hash&quot;:false,&quot;autoplay&quot;:&quot;true&quot;,&quot;pause&quot;:5000,&quot;progressBar&quot;:&quot;true&quot;,&quot;counter&quot;:&quot;true&quot;,&quot;controls&quot;:&quot;true&quot;,&quot;getCaptionFromTitleOrAlt&quot;:&quot;true&quot;,&quot;thumbnail&quot;:&quot;&quot;,&quot;showThumbByDefault&quot;:&quot;&quot;,&quot;share&quot;:&quot;&quot;,&quot;zoom&quot;:&quot;true&quot;,&quot;fullScreen&quot;:&quot;true&quot;,&quot;download&quot;:&quot;true&quot;}}\" data-advanced-filters=\"no\"><article class=\"wpr-grid-item elementor-clearfix post-2273 post type-post status-publish format-standard hentry category-consommables-informatique\"><div class=\"wpr-grid-item-inner\"><div class=\"wpr-grid-item-above-content elementor-clearfix\"><h2 class=\"wpr-grid-item-title elementor-repeater-item-04b0433 wpr-grid-item-display-block wpr-grid-item-align-left wpr-pointer-none wpr-pointer-line-fx wpr-pointer-fx-fade\"><div class=\"inner-block\"><a target=\"_self\"  href=\"https:\/\/www.ezoela.com\/ez1\/index.php\/2025\/03\/26\/consommables-informatique\/\">Consommables Informatique<\/a><\/div><\/h2><\/div><div class=\"wpr-grid-item-below-content elementor-clearfix\"><div class=\"wpr-grid-item-category elementor-repeater-item-66ca227 wpr-grid-item-display-block wpr-grid-item-align-left wpr-pointer-none wpr-pointer-line-fx wpr-pointer-fx-fade wpr-grid-tax-style-1\"><div class=\"inner-block\"><a class=\" wpr-tax-id-25\" href=\"https:\/\/www.ezoela.com\/ez1\/index.php\/category\/consommables-informatique\/\">Consommables Informatique<\/a><\/div><\/div><div class=\"wpr-grid-item-read-more elementor-repeater-item-dc1027d wpr-grid-item-display-block wpr-grid-item-align-left\"><div class=\"inner-block\"><a target=\"_self\" href=\"https:\/\/www.ezoela.com\/ez1\/index.php\/2025\/03\/26\/consommables-informatique\/\" class=\"wpr-button-effect wpr-button-none\"><span class=\"wpr-grid-extra-icon-left\"><svg aria-hidden=\"true\" class=\"e-font-icon-svg e-fas-external-link-alt\" viewBox=\"0 0 512 512\" xmlns=\"http:\/\/www.w3.org\/2000\/svg\"><path d=\"M432,320H400a16,16,0,0,0-16,16V448H64V128H208a16,16,0,0,0,16-16V80a16,16,0,0,0-16-16H48A48,48,0,0,0,0,112V464a48,48,0,0,0,48,48H400a48,48,0,0,0,48-48V336A16,16,0,0,0,432,320ZM488,0h-128c-21.37,0-32.05,25.91-17,41l35.73,35.73L135,320.37a24,24,0,0,0,0,34L157.67,377a24,24,0,0,0,34,0L435.28,133.32,471,169c15,15,41,4.5,41-17V24A24,24,0,0,0,488,0Z\"><\/path><\/svg><\/span><span>En savoir plus.<\/span><\/a><\/div><\/div><\/div><\/div><\/article><\/section>\t\t\t\t<\/div>\n\t\t\t\t<\/div>\n\t\t\t\t\t<\/div>\n\t\t<\/div>\n\t\t\t\t\t<\/div>\n\t\t<\/section>\n\t\t\t\t<\/div>\n\t\t","protected":false},"excerpt":{"rendered":"<p>Contactez-nous Dans un monde o\u00f9 la technologie \u00e9volue \u00e0 une vitesse fulgurante, la n\u00e9cessit\u00e9 d&rsquo;\u00e9quipements informatiques de qualit\u00e9 et de consommables fiables n&rsquo;a jamais \u00e9t\u00e9 aussi cruciale. Ezoela Sarl se positionne comme un acteur incontournable dans cedomaine, offrant une large gamme de produits allant des cartouches d&rsquo;encre et toners aux accessoires divers pour ordinateurs. Avec un engagement envers l&rsquo;excellence et la satisfaction client, Ezoela Sarl s&rsquo;efforce de fournir des solutions adapt\u00e9es aux besoins des professionnels comme des particuliers. All Consommables Informatique Consommables Informatique Consommables InformatiqueEn savoir plus.<\/p>\n","protected":false},"author":1,"featured_media":0,"parent":0,"menu_order":0,"comment_status":"closed","ping_status":"closed","template":"elementor_canvas","meta":{"footnotes":""},"class_list":["post-1988","page","type-page","status-publish","hentry"],"yoast_head":"<!-- This site is optimized with the Yoast SEO plugin v26.4 - https:\/\/yoast.com\/wordpress\/plugins\/seo\/ -->\n<title>Ventes et commandes des Consommables informatique 2023 - Ezoela sarl Consommables informatique<\/title>\n<meta name=\"description\" content=\"Ezoela, Vente des consommables informatique, Construction, Location\" \/>\n<meta name=\"robots\" content=\"index, follow, max-snippet:-1, max-image-preview:large, max-video-preview:-1\" \/>\n<link rel=\"canonical\" href=\"https:\/\/www.ezoela.com\/ez1\/index.php\/consommables-informatique\/\" \/>\n<meta property=\"og:locale\" content=\"fr_FR\" \/>\n<meta property=\"og:type\" content=\"article\" \/>\n<meta property=\"og:title\" content=\"Ventes et commandes des Consommables informatique 2023 - Ezoela sarl Consommables informatique\" \/>\n<meta property=\"og:description\" content=\"Ezoela, Vente des consommables informatique, Construction, Location\" \/>\n<meta property=\"og:url\" content=\"https:\/\/www.ezoela.com\/ez1\/index.php\/consommables-informatique\/\" \/>\n<meta property=\"og:site_name\" content=\"Ezoela sarl\" \/>\n<meta property=\"article:modified_time\" content=\"2025-12-01T14:38:32+00:00\" \/>\n<meta property=\"og:image\" content=\"https:\/\/www.ezoela.com\/ez1\/wp-content\/uploads\/2025\/02\/3d-workstation-with-computer-peripheral-devices-1-scaled.jpg\" \/>\n<meta name=\"twitter:card\" content=\"summary_large_image\" \/>\n<meta name=\"twitter:label1\" content=\"Dur\u00e9e de lecture estim\u00e9e\" \/>\n\t<meta name=\"twitter:data1\" content=\"1 minute\" \/>\n<script type=\"application\/ld+json\" class=\"yoast-schema-graph\">{\"@context\":\"https:\/\/schema.org\",\"@graph\":[{\"@type\":\"WebPage\",\"@id\":\"https:\/\/www.ezoela.com\/ez1\/index.php\/consommables-informatique\/\",\"url\":\"https:\/\/www.ezoela.com\/ez1\/index.php\/consommables-informatique\/\",\"name\":\"Ventes et commandes des Consommables informatique 2023 - Ezoela sarl Consommables informatique\",\"isPartOf\":{\"@id\":\"https:\/\/www.ezoela.com\/ez1\/#website\"},\"primaryImageOfPage\":{\"@id\":\"https:\/\/www.ezoela.com\/ez1\/index.php\/consommables-informatique\/#primaryimage\"},\"image\":{\"@id\":\"https:\/\/www.ezoela.com\/ez1\/index.php\/consommables-informatique\/#primaryimage\"},\"thumbnailUrl\":\"https:\/\/www.ezoela.com\/ez1\/wp-content\/uploads\/2025\/02\/3d-workstation-with-computer-peripheral-devices-1-scaled.jpg\",\"datePublished\":\"2025-02-28T19:32:04+00:00\",\"dateModified\":\"2025-12-01T14:38:32+00:00\",\"description\":\"Ezoela, Vente des consommables informatique, Construction, Location\",\"breadcrumb\":{\"@id\":\"https:\/\/www.ezoela.com\/ez1\/index.php\/consommables-informatique\/#breadcrumb\"},\"inLanguage\":\"fr-FR\",\"potentialAction\":[{\"@type\":\"ReadAction\",\"target\":[\"https:\/\/www.ezoela.com\/ez1\/index.php\/consommables-informatique\/\"]}]},{\"@type\":\"ImageObject\",\"inLanguage\":\"fr-FR\",\"@id\":\"https:\/\/www.ezoela.com\/ez1\/index.php\/consommables-informatique\/#primaryimage\",\"url\":\"https:\/\/www.ezoela.com\/ez1\/wp-content\/uploads\/2025\/02\/3d-workstation-with-computer-peripheral-devices-1-scaled.jpg\",\"contentUrl\":\"https:\/\/www.ezoela.com\/ez1\/wp-content\/uploads\/2025\/02\/3d-workstation-with-computer-peripheral-devices-1-scaled.jpg\",\"width\":2560,\"height\":2560},{\"@type\":\"BreadcrumbList\",\"@id\":\"https:\/\/www.ezoela.com\/ez1\/index.php\/consommables-informatique\/#breadcrumb\",\"itemListElement\":[{\"@type\":\"ListItem\",\"position\":1,\"name\":\"Accueil\",\"item\":\"https:\/\/www.ezoela.com\/ez1\/\"},{\"@type\":\"ListItem\",\"position\":2,\"name\":\"Consommables informatique\"}]},{\"@type\":\"WebSite\",\"@id\":\"https:\/\/www.ezoela.com\/ez1\/#website\",\"url\":\"https:\/\/www.ezoela.com\/ez1\/\",\"name\":\"Ezoela sarl\",\"description\":\"La vie est une architecture\",\"publisher\":{\"@id\":\"https:\/\/www.ezoela.com\/ez1\/#organization\"},\"potentialAction\":[{\"@type\":\"SearchAction\",\"target\":{\"@type\":\"EntryPoint\",\"urlTemplate\":\"https:\/\/www.ezoela.com\/ez1\/?s={search_term_string}\"},\"query-input\":{\"@type\":\"PropertyValueSpecification\",\"valueRequired\":true,\"valueName\":\"search_term_string\"}}],\"inLanguage\":\"fr-FR\"},{\"@type\":\"Organization\",\"@id\":\"https:\/\/www.ezoela.com\/ez1\/#organization\",\"name\":\"Ezoela sarl\",\"url\":\"https:\/\/www.ezoela.com\/ez1\/\",\"logo\":{\"@type\":\"ImageObject\",\"inLanguage\":\"fr-FR\",\"@id\":\"https:\/\/www.ezoela.com\/ez1\/#\/schema\/logo\/image\/\",\"url\":\"https:\/\/www.ezoela.com\/ez1\/wp-content\/uploads\/2023\/12\/cropped-favicon.png\",\"contentUrl\":\"https:\/\/www.ezoela.com\/ez1\/wp-content\/uploads\/2023\/12\/cropped-favicon.png\",\"width\":200,\"height\":200,\"caption\":\"Ezoela sarl\"},\"image\":{\"@id\":\"https:\/\/www.ezoela.com\/ez1\/#\/schema\/logo\/image\/\"}}]}<\/script>\n<!-- \/ Yoast SEO plugin. -->","yoast_head_json":{"title":"Ventes et commandes des Consommables informatique 2023 - Ezoela sarl Consommables informatique","description":"Ezoela, Vente des consommables informatique, Construction, Location","robots":{"index":"index","follow":"follow","max-snippet":"max-snippet:-1","max-image-preview":"max-image-preview:large","max-video-preview":"max-video-preview:-1"},"canonical":"https:\/\/www.ezoela.com\/ez1\/index.php\/consommables-informatique\/","og_locale":"fr_FR","og_type":"article","og_title":"Ventes et commandes des Consommables informatique 2023 - Ezoela sarl Consommables informatique","og_description":"Ezoela, Vente des consommables informatique, Construction, Location","og_url":"https:\/\/www.ezoela.com\/ez1\/index.php\/consommables-informatique\/","og_site_name":"Ezoela sarl","article_modified_time":"2025-12-01T14:38:32+00:00","og_image":[{"url":"https:\/\/www.ezoela.com\/ez1\/wp-content\/uploads\/2025\/02\/3d-workstation-with-computer-peripheral-devices-1-scaled.jpg","type":"","width":"","height":""}],"twitter_card":"summary_large_image","twitter_misc":{"Dur\u00e9e de lecture estim\u00e9e":"1 minute"},"schema":{"@context":"https:\/\/schema.org","@graph":[{"@type":"WebPage","@id":"https:\/\/www.ezoela.com\/ez1\/index.php\/consommables-informatique\/","url":"https:\/\/www.ezoela.com\/ez1\/index.php\/consommables-informatique\/","name":"Ventes et commandes des Consommables informatique 2023 - Ezoela sarl Consommables informatique","isPartOf":{"@id":"https:\/\/www.ezoela.com\/ez1\/#website"},"primaryImageOfPage":{"@id":"https:\/\/www.ezoela.com\/ez1\/index.php\/consommables-informatique\/#primaryimage"},"image":{"@id":"https:\/\/www.ezoela.com\/ez1\/index.php\/consommables-informatique\/#primaryimage"},"thumbnailUrl":"https:\/\/www.ezoela.com\/ez1\/wp-content\/uploads\/2025\/02\/3d-workstation-with-computer-peripheral-devices-1-scaled.jpg","datePublished":"2025-02-28T19:32:04+00:00","dateModified":"2025-12-01T14:38:32+00:00","description":"Ezoela, Vente des consommables informatique, Construction, Location","breadcrumb":{"@id":"https:\/\/www.ezoela.com\/ez1\/index.php\/consommables-informatique\/#breadcrumb"},"inLanguage":"fr-FR","potentialAction":[{"@type":"ReadAction","target":["https:\/\/www.ezoela.com\/ez1\/index.php\/consommables-informatique\/"]}]},{"@type":"ImageObject","inLanguage":"fr-FR","@id":"https:\/\/www.ezoela.com\/ez1\/index.php\/consommables-informatique\/#primaryimage","url":"https:\/\/www.ezoela.com\/ez1\/wp-content\/uploads\/2025\/02\/3d-workstation-with-computer-peripheral-devices-1-scaled.jpg","contentUrl":"https:\/\/www.ezoela.com\/ez1\/wp-content\/uploads\/2025\/02\/3d-workstation-with-computer-peripheral-devices-1-scaled.jpg","width":2560,"height":2560},{"@type":"BreadcrumbList","@id":"https:\/\/www.ezoela.com\/ez1\/index.php\/consommables-informatique\/#breadcrumb","itemListElement":[{"@type":"ListItem","position":1,"name":"Accueil","item":"https:\/\/www.ezoela.com\/ez1\/"},{"@type":"ListItem","position":2,"name":"Consommables informatique"}]},{"@type":"WebSite","@id":"https:\/\/www.ezoela.com\/ez1\/#website","url":"https:\/\/www.ezoela.com\/ez1\/","name":"Ezoela sarl","description":"La vie est une architecture","publisher":{"@id":"https:\/\/www.ezoela.com\/ez1\/#organization"},"potentialAction":[{"@type":"SearchAction","target":{"@type":"EntryPoint","urlTemplate":"https:\/\/www.ezoela.com\/ez1\/?s={search_term_string}"},"query-input":{"@type":"PropertyValueSpecification","valueRequired":true,"valueName":"search_term_string"}}],"inLanguage":"fr-FR"},{"@type":"Organization","@id":"https:\/\/www.ezoela.com\/ez1\/#organization","name":"Ezoela sarl","url":"https:\/\/www.ezoela.com\/ez1\/","logo":{"@type":"ImageObject","inLanguage":"fr-FR","@id":"https:\/\/www.ezoela.com\/ez1\/#\/schema\/logo\/image\/","url":"https:\/\/www.ezoela.com\/ez1\/wp-content\/uploads\/2023\/12\/cropped-favicon.png","contentUrl":"https:\/\/www.ezoela.com\/ez1\/wp-content\/uploads\/2023\/12\/cropped-favicon.png","width":200,"height":200,"caption":"Ezoela sarl"},"image":{"@id":"https:\/\/www.ezoela.com\/ez1\/#\/schema\/logo\/image\/"}}]}},"_links":{"self":[{"href":"https:\/\/www.ezoela.com\/ez1\/index.php\/wp-json\/wp\/v2\/pages\/1988","targetHints":{"allow":["GET"]}}],"collection":[{"href":"https:\/\/www.ezoela.com\/ez1\/index.php\/wp-json\/wp\/v2\/pages"}],"about":[{"href":"https:\/\/www.ezoela.com\/ez1\/index.php\/wp-json\/wp\/v2\/types\/page"}],"author":[{"embeddable":true,"href":"https:\/\/www.ezoela.com\/ez1\/index.php\/wp-json\/wp\/v2\/users\/1"}],"replies":[{"embeddable":true,"href":"https:\/\/www.ezoela.com\/ez1\/index.php\/wp-json\/wp\/v2\/comments?post=1988"}],"version-history":[{"count":10,"href":"https:\/\/www.ezoela.com\/ez1\/index.php\/wp-json\/wp\/v2\/pages\/1988\/revisions"}],"predecessor-version":[{"id":2278,"href":"https:\/\/www.ezoela.com\/ez1\/index.php\/wp-json\/wp\/v2\/pages\/1988\/revisions\/2278"}],"wp:attachment":[{"href":"https:\/\/www.ezoela.com\/ez1\/index.php\/wp-json\/wp\/v2\/media?parent=1988"}],"curies":[{"name":"wp","href":"https:\/\/api.w.org\/{rel}","templated":true}]}}