{"id":1963,"date":"2025-02-28T16:49:01","date_gmt":"2025-02-28T15:49:01","guid":{"rendered":"https:\/\/www.ezoela.com\/ez1\/?page_id=1963"},"modified":"2025-03-27T14:59:40","modified_gmt":"2025-03-27T13:59:40","slug":"fabrication-des-tenues-de-services","status":"publish","type":"page","link":"https:\/\/www.ezoela.com\/ez1\/index.php\/fabrication-des-tenues-de-services\/","title":{"rendered":"Fabrication des tenues de services"},"content":{"rendered":"\t\t<div data-elementor-type=\"wp-page\" data-elementor-id=\"1963\" class=\"elementor elementor-1963\">\n\t\t\t\t\t\t<section class=\"elementor-section elementor-top-section elementor-element elementor-element-e002bbb elementor-section-height-min-height elementor-section-boxed elementor-section-height-default elementor-section-items-middle wpr-particle-no wpr-jarallax-no wpr-parallax-no wpr-sticky-section-no\" data-id=\"e002bbb\" data-element_type=\"section\" data-settings=\"{&quot;background_background&quot;:&quot;classic&quot;}\">\n\t\t\t\t\t\t\t<div class=\"elementor-background-overlay\"><\/div>\n\t\t\t\t\t\t\t<div class=\"elementor-container elementor-column-gap-default\">\n\t\t\t\t\t<div class=\"elementor-column elementor-col-100 elementor-top-column elementor-element elementor-element-a96a11c\" data-id=\"a96a11c\" data-element_type=\"column\">\n\t\t\t<div class=\"elementor-widget-wrap elementor-element-populated\">\n\t\t\t\t\t\t<div class=\"elementor-element elementor-element-393f2c1 wpr-button-icon-style-inline wpr-button-icon-position-right elementor-widget elementor-widget-wpr-button\" data-id=\"393f2c1\" data-element_type=\"widget\" data-widget_type=\"wpr-button.default\">\n\t\t\t\t<div class=\"elementor-widget-container\">\n\t\t\t\t\t\t\n\t\t\t\n\t\t\n\t\t<div class=\"wpr-button-wrap elementor-clearfix\">\n\t\t<a class=\"wpr-button wpr-button-effect wpr-button-none\" data-text=\"\" href=\"http:\/\/ezoela.store\/index.php\/contact\/\">\n\t\t\t\n\t\t\t<span class=\"wpr-button-content\">\n\t\t\t\t\t\t\t\t\t<span class=\"wpr-button-text\">Contactez-nous<\/span>\n\t\t\t\t\t\t\t\t\n\t\t\t\t\t\t\t<\/span>\n\t\t<\/a>\n\n\t\t\t\t<\/div>\n\t\n\t\n\t\t\t\t\t<\/div>\n\t\t\t\t<\/div>\n\t\t\t\t\t<\/div>\n\t\t<\/div>\n\t\t\t\t\t<\/div>\n\t\t<\/section>\n\t\t\t\t<section class=\"elementor-section elementor-top-section elementor-element elementor-element-5b1a651 elementor-section-boxed elementor-section-height-default elementor-section-height-default wpr-particle-no wpr-jarallax-no wpr-parallax-no wpr-sticky-section-no\" data-id=\"5b1a651\" data-element_type=\"section\">\n\t\t\t\t\t\t<div class=\"elementor-container elementor-column-gap-wide\">\n\t\t\t\t\t<div class=\"elementor-column elementor-col-50 elementor-top-column elementor-element elementor-element-6da759b\" data-id=\"6da759b\" data-element_type=\"column\">\n\t\t\t<div class=\"elementor-widget-wrap elementor-element-populated\">\n\t\t\t\t\t\t<div class=\"elementor-element elementor-element-8ee6737 elementor-widget-laptop__width-initial elementor-widget elementor-widget-text-editor\" data-id=\"8ee6737\" data-element_type=\"widget\" data-widget_type=\"text-editor.default\">\n\t\t\t\t<div class=\"elementor-widget-container\">\n\t\t\t\t\t\t\t\t\t<p>Dans un monde o\u00f9 la technologie \u00e9volue \u00e0 une vitesse fulgurante, Dans un environnement professionnel o\u00f9 l&rsquo;image et la s\u00e9curit\u00e9 sont primordiales, Ezoela sarl se sp\u00e9cialise dans la fourniture de tenues de travail adapt\u00e9es \u00e0 divers secteurs d&rsquo;activit\u00e9. Que ce soit pour le b\u00e2timent, l&rsquo;industrie, ou les services, notre boutique propose une gamme compl\u00e8te de v\u00eatements alliant fonctionnalit\u00e9, confort et esth\u00e9tisme. Conscients des exigences sp\u00e9cifiques de chaque m\u00e9tier, nous s\u00e9lectionnons des mat\u00e9riaux de qualit\u00e9 et des designs ergonomiques pour garantir la satisfaction de nos clients.<\/p><p><br \/>Avec un service personnalis\u00e9 et une attention particuli\u00e8re port\u00e9e aux d\u00e9tails, Ezoela sarl s&rsquo;engage \u00e0 habiller les professionnels avec des tenues qui refl\u00e8tent leur identit\u00e9 tout en assurant leur s\u00e9curit\u00e9 au travail. La n\u00e9cessit\u00e9 d&rsquo;\u00e9quipements informatiques de qualit\u00e9 et de consommables fiables n&rsquo;a jamais \u00e9t\u00e9 aussi cruciale. Ezoela Sarl se positionne comme un acteur incontournable dans ce domaine, offrant une large gamme de produits allant des cartouches d&rsquo;encre et toners aux accessoires divers pour ordinateurs.<\/p><p>Avec un engagement envers l&rsquo;excellence et la satisfaction client, Ezoela Sarl s&rsquo;efforce de fournir des solutions adapt\u00e9es aux besoins des professionnels comme des particuliers.<\/p>\t\t\t\t\t\t\t\t<\/div>\n\t\t\t\t<\/div>\n\t\t\t\t\t<\/div>\n\t\t<\/div>\n\t\t\t\t<div class=\"elementor-column elementor-col-50 elementor-top-column elementor-element elementor-element-89bf9ad elementor-hidden-tablet elementor-hidden-mobile\" data-id=\"89bf9ad\" data-element_type=\"column\">\n\t\t\t<div class=\"elementor-widget-wrap elementor-element-populated\">\n\t\t\t\t\t\t<div class=\"elementor-element elementor-element-4281868 elementor-widget elementor-widget-image\" data-id=\"4281868\" data-element_type=\"widget\" data-widget_type=\"image.default\">\n\t\t\t\t<div class=\"elementor-widget-container\">\n\t\t\t\t\t\t\t\t\t\t\t\t\t\t\t<img fetchpriority=\"high\" decoding=\"async\" width=\"2362\" height=\"2084\" src=\"https:\/\/www.ezoela.com\/ez1\/wp-content\/uploads\/2025\/02\/uniform-realistic-Converti.png\" class=\"attachment-full size-full wp-image-1861\" alt=\"\" srcset=\"https:\/\/www.ezoela.com\/ez1\/wp-content\/uploads\/2025\/02\/uniform-realistic-Converti.png 2362w, https:\/\/www.ezoela.com\/ez1\/wp-content\/uploads\/2025\/02\/uniform-realistic-Converti-300x265.png 300w, https:\/\/www.ezoela.com\/ez1\/wp-content\/uploads\/2025\/02\/uniform-realistic-Converti-1024x903.png 1024w, https:\/\/www.ezoela.com\/ez1\/wp-content\/uploads\/2025\/02\/uniform-realistic-Converti-768x678.png 768w, https:\/\/www.ezoela.com\/ez1\/wp-content\/uploads\/2025\/02\/uniform-realistic-Converti-1536x1355.png 1536w, https:\/\/www.ezoela.com\/ez1\/wp-content\/uploads\/2025\/02\/uniform-realistic-Converti-2048x1807.png 2048w\" sizes=\"(max-width: 2362px) 100vw, 2362px\" \/>\t\t\t\t\t\t\t\t\t\t\t\t\t\t\t<\/div>\n\t\t\t\t<\/div>\n\t\t\t\t\t<\/div>\n\t\t<\/div>\n\t\t\t\t\t<\/div>\n\t\t<\/section>\n\t\t\t\t<section class=\"elementor-section elementor-top-section elementor-element elementor-element-db4908e elementor-section-boxed elementor-section-height-default elementor-section-height-default wpr-particle-no wpr-jarallax-no wpr-parallax-no wpr-sticky-section-no\" data-id=\"db4908e\" data-element_type=\"section\" data-settings=\"{&quot;background_background&quot;:&quot;classic&quot;}\">\n\t\t\t\t\t\t<div class=\"elementor-container elementor-column-gap-default\">\n\t\t\t\t\t<div class=\"elementor-column elementor-col-100 elementor-top-column elementor-element elementor-element-60d48ea\" data-id=\"60d48ea\" data-element_type=\"column\">\n\t\t\t<div class=\"elementor-widget-wrap elementor-element-populated\">\n\t\t\t\t\t\t<div class=\"elementor-element elementor-element-b48a6a1 wpr-grid-columns-3 wpr-grid-columns--laptop3 wpr-grid-columns--tablet2 wpr-grid-columns--mobile1 wpr-grid-pagination-center wpr-item-styles-inner elementor-widget elementor-widget-wpr-grid\" data-id=\"b48a6a1\" data-element_type=\"widget\" data-widget_type=\"wpr-grid.default\">\n\t\t\t\t<div class=\"elementor-widget-container\">\n\t\t\t\t\t<ul class=\"wpr-grid-filters elementor-clearfix wpr-grid-filters-sep-right\"><li class=\" wpr-pointer-none wpr-pointer-line-fx wpr-pointer-fx-none\"><span  data-filter=\"*\" class=\"wpr-grid-filters-item wpr-active-filter \">All<\/span><em class=\"wpr-grid-filters-sep\"><\/em><\/li><li class=\" wpr-pointer-none wpr-pointer-line-fx wpr-pointer-fx-none\"><span   data-ajax-filter=[\"category\",\"fabrication-des-tenues-de-service\"]  data-filter=\".category-fabrication-des-tenues-de-service\">Fabrication des tenues de service<\/span><em class=\"wpr-grid-filters-sep\"><\/em><\/li><\/ul><section class=\"wpr-grid elementor-clearfix\" data-settings=\"{&quot;layout&quot;:&quot;fitRows&quot;,&quot;stick_last_element_to_bottom&quot;:&quot;&quot;,&quot;columns_desktop&quot;:&quot;3&quot;,&quot;gutter_hr&quot;:15,&quot;gutter_hr_mobile&quot;:15,&quot;gutter_hr_mobile_extra&quot;:15,&quot;gutter_hr_tablet&quot;:15,&quot;gutter_hr_tablet_extra&quot;:15,&quot;gutter_hr_laptop&quot;:15,&quot;gutter_hr_widescreen&quot;:15,&quot;gutter_vr&quot;:15,&quot;gutter_vr_mobile&quot;:15,&quot;gutter_vr_mobile_extra&quot;:15,&quot;gutter_vr_tablet&quot;:15,&quot;gutter_vr_tablet_extra&quot;:15,&quot;gutter_vr_laptop&quot;:15,&quot;gutter_vr_widescreen&quot;:15,&quot;animation&quot;:&quot;fade&quot;,&quot;animation_duration&quot;:0.4,&quot;animation_delay&quot;:0.2,&quot;deeplinking&quot;:&quot;&quot;,&quot;filters_linkable&quot;:&quot;no&quot;,&quot;filters_default_filter&quot;:&quot;&quot;,&quot;filters_count&quot;:&quot;&quot;,&quot;filters_hide_empty&quot;:&quot;yes&quot;,&quot;filters_animation&quot;:&quot;default&quot;,&quot;filters_animation_duration&quot;:0.4,&quot;filters_animation_delay&quot;:0.2,&quot;pagination_type&quot;:&quot;load-more&quot;,&quot;pagination_max_pages&quot;:1,&quot;lightbox&quot;:{&quot;selector&quot;:&quot;.wpr-grid-image-wrap&quot;,&quot;iframeMaxWidth&quot;:&quot;60%&quot;,&quot;hash&quot;:false,&quot;autoplay&quot;:&quot;true&quot;,&quot;pause&quot;:5000,&quot;progressBar&quot;:&quot;true&quot;,&quot;counter&quot;:&quot;true&quot;,&quot;controls&quot;:&quot;true&quot;,&quot;getCaptionFromTitleOrAlt&quot;:&quot;true&quot;,&quot;thumbnail&quot;:&quot;&quot;,&quot;showThumbByDefault&quot;:&quot;&quot;,&quot;share&quot;:&quot;&quot;,&quot;zoom&quot;:&quot;true&quot;,&quot;fullScreen&quot;:&quot;true&quot;,&quot;download&quot;:&quot;true&quot;}}\" data-advanced-filters=\"no\"><article class=\"wpr-grid-item elementor-clearfix post-2289 post type-post status-publish format-standard hentry category-fabrication-des-tenues-de-service\"><div class=\"wpr-grid-item-inner\"><div class=\"wpr-grid-item-above-content elementor-clearfix\"><h2 class=\"wpr-grid-item-title elementor-repeater-item-04b0433 wpr-grid-item-display-block wpr-grid-item-align-left wpr-pointer-none wpr-pointer-line-fx wpr-pointer-fx-fade\"><div class=\"inner-block\"><a target=\"_self\"  href=\"https:\/\/www.ezoela.com\/ez1\/index.php\/2025\/03\/27\/fabrication-des-tenues-de-service\/\">Fabrication des tenues de service<\/a><\/div><\/h2><\/div><div class=\"wpr-grid-item-below-content elementor-clearfix\"><div class=\"wpr-grid-item-category elementor-repeater-item-66ca227 wpr-grid-item-display-block wpr-grid-item-align-left wpr-pointer-none wpr-pointer-line-fx wpr-pointer-fx-fade wpr-grid-tax-style-1\"><div class=\"inner-block\"><a class=\" wpr-tax-id-24\" href=\"https:\/\/www.ezoela.com\/ez1\/index.php\/category\/fabrication-des-tenues-de-service\/\">Fabrication des tenues de service<\/a><\/div><\/div><div class=\"wpr-grid-item-read-more elementor-repeater-item-dc1027d wpr-grid-item-display-block wpr-grid-item-align-left\"><div class=\"inner-block\"><a target=\"_self\" href=\"https:\/\/www.ezoela.com\/ez1\/index.php\/2025\/03\/27\/fabrication-des-tenues-de-service\/\" class=\"wpr-button-effect wpr-button-none\"><span class=\"wpr-grid-extra-icon-left\"><svg aria-hidden=\"true\" class=\"e-font-icon-svg e-fas-external-link-alt\" viewBox=\"0 0 512 512\" xmlns=\"http:\/\/www.w3.org\/2000\/svg\"><path d=\"M432,320H400a16,16,0,0,0-16,16V448H64V128H208a16,16,0,0,0,16-16V80a16,16,0,0,0-16-16H48A48,48,0,0,0,0,112V464a48,48,0,0,0,48,48H400a48,48,0,0,0,48-48V336A16,16,0,0,0,432,320ZM488,0h-128c-21.37,0-32.05,25.91-17,41l35.73,35.73L135,320.37a24,24,0,0,0,0,34L157.67,377a24,24,0,0,0,34,0L435.28,133.32,471,169c15,15,41,4.5,41-17V24A24,24,0,0,0,488,0Z\"><\/path><\/svg><\/span><span>En savoir plus.<\/span><\/a><\/div><\/div><\/div><\/div><\/article><\/section>\t\t\t\t<\/div>\n\t\t\t\t<\/div>\n\t\t\t\t\t<\/div>\n\t\t<\/div>\n\t\t\t\t\t<\/div>\n\t\t<\/section>\n\t\t\t\t<\/div>\n\t\t","protected":false},"excerpt":{"rendered":"<p>Contactez-nous Dans un monde o\u00f9 la technologie \u00e9volue \u00e0 une vitesse fulgurante, Dans un environnement professionnel o\u00f9 l&rsquo;image et la s\u00e9curit\u00e9 sont primordiales, Ezoela sarl se sp\u00e9cialise dans la fourniture de tenues de travail adapt\u00e9es \u00e0 divers secteurs d&rsquo;activit\u00e9. Que ce soit pour le b\u00e2timent, l&rsquo;industrie, ou les services, notre boutique propose une gamme compl\u00e8te de v\u00eatements alliant fonctionnalit\u00e9, confort et esth\u00e9tisme. Conscients des exigences sp\u00e9cifiques de chaque m\u00e9tier, nous s\u00e9lectionnons des mat\u00e9riaux de qualit\u00e9 et des designs ergonomiques pour garantir la satisfaction de nos clients. Avec un service personnalis\u00e9 et une attention particuli\u00e8re port\u00e9e aux d\u00e9tails, Ezoela sarl s&rsquo;engage \u00e0 habiller les professionnels avec des tenues qui refl\u00e8tent leur identit\u00e9 tout en assurant leur s\u00e9curit\u00e9 au travail. La n\u00e9cessit\u00e9 d&rsquo;\u00e9quipements informatiques de qualit\u00e9 et de consommables fiables n&rsquo;a jamais \u00e9t\u00e9 aussi cruciale. Ezoela Sarl se positionne comme un acteur incontournable dans ce domaine, offrant une large gamme de produits allant des cartouches d&rsquo;encre et toners aux accessoires divers pour ordinateurs. Avec un engagement envers l&rsquo;excellence et la satisfaction client, Ezoela Sarl s&rsquo;efforce de fournir des solutions adapt\u00e9es aux besoins des professionnels comme des particuliers. All Fabrication des tenues de service Fabrication des tenues de service Fabrication des tenues de serviceEn savoir plus.<\/p>\n","protected":false},"author":1,"featured_media":0,"parent":0,"menu_order":0,"comment_status":"closed","ping_status":"closed","template":"elementor_canvas","meta":{"footnotes":""},"class_list":["post-1963","page","type-page","status-publish","hentry"],"yoast_head":"<!-- This site is optimized with the Yoast SEO plugin v26.4 - https:\/\/yoast.com\/wordpress\/plugins\/seo\/ -->\n<title>Fabrication des tenues de services - Ezoela sarl<\/title>\n<meta name=\"robots\" content=\"index, follow, max-snippet:-1, max-image-preview:large, max-video-preview:-1\" \/>\n<link rel=\"canonical\" href=\"https:\/\/www.ezoela.com\/ez1\/index.php\/fabrication-des-tenues-de-services\/\" \/>\n<meta property=\"og:locale\" content=\"fr_FR\" \/>\n<meta property=\"og:type\" content=\"article\" \/>\n<meta property=\"og:title\" content=\"Fabrication des tenues de services - Ezoela sarl\" \/>\n<meta property=\"og:description\" content=\"Contactez-nous Dans un monde o\u00f9 la technologie \u00e9volue \u00e0 une vitesse fulgurante, Dans un environnement professionnel o\u00f9 l&rsquo;image et la s\u00e9curit\u00e9 sont primordiales, Ezoela sarl se sp\u00e9cialise dans la fourniture de tenues de travail adapt\u00e9es \u00e0 divers secteurs d&rsquo;activit\u00e9. Que ce soit pour le b\u00e2timent, l&rsquo;industrie, ou les services, notre boutique propose une gamme compl\u00e8te de v\u00eatements alliant fonctionnalit\u00e9, confort et esth\u00e9tisme. Conscients des exigences sp\u00e9cifiques de chaque m\u00e9tier, nous s\u00e9lectionnons des mat\u00e9riaux de qualit\u00e9 et des designs ergonomiques pour garantir la satisfaction de nos clients. Avec un service personnalis\u00e9 et une attention particuli\u00e8re port\u00e9e aux d\u00e9tails, Ezoela sarl s&rsquo;engage \u00e0 habiller les professionnels avec des tenues qui refl\u00e8tent leur identit\u00e9 tout en assurant leur s\u00e9curit\u00e9 au travail. La n\u00e9cessit\u00e9 d&rsquo;\u00e9quipements informatiques de qualit\u00e9 et de consommables fiables n&rsquo;a jamais \u00e9t\u00e9 aussi cruciale. Ezoela Sarl se positionne comme un acteur incontournable dans ce domaine, offrant une large gamme de produits allant des cartouches d&rsquo;encre et toners aux accessoires divers pour ordinateurs. Avec un engagement envers l&rsquo;excellence et la satisfaction client, Ezoela Sarl s&rsquo;efforce de fournir des solutions adapt\u00e9es aux besoins des professionnels comme des particuliers. All Fabrication des tenues de service Fabrication des tenues de service Fabrication des tenues de serviceEn savoir plus.\" \/>\n<meta property=\"og:url\" content=\"https:\/\/www.ezoela.com\/ez1\/index.php\/fabrication-des-tenues-de-services\/\" \/>\n<meta property=\"og:site_name\" content=\"Ezoela sarl\" \/>\n<meta property=\"article:modified_time\" content=\"2025-03-27T13:59:40+00:00\" \/>\n<meta property=\"og:image\" content=\"https:\/\/www.ezoela.com\/ez1\/wp-content\/uploads\/2025\/02\/uniform-realistic-Converti.png\" \/>\n\t<meta property=\"og:image:width\" content=\"2362\" \/>\n\t<meta property=\"og:image:height\" content=\"2084\" \/>\n\t<meta property=\"og:image:type\" content=\"image\/png\" \/>\n<meta name=\"twitter:card\" content=\"summary_large_image\" \/>\n<meta name=\"twitter:label1\" content=\"Dur\u00e9e de lecture estim\u00e9e\" \/>\n\t<meta name=\"twitter:data1\" content=\"1 minute\" \/>\n<script type=\"application\/ld+json\" class=\"yoast-schema-graph\">{\"@context\":\"https:\/\/schema.org\",\"@graph\":[{\"@type\":\"WebPage\",\"@id\":\"https:\/\/www.ezoela.com\/ez1\/index.php\/fabrication-des-tenues-de-services\/\",\"url\":\"https:\/\/www.ezoela.com\/ez1\/index.php\/fabrication-des-tenues-de-services\/\",\"name\":\"Fabrication des tenues de services - Ezoela sarl\",\"isPartOf\":{\"@id\":\"https:\/\/www.ezoela.com\/ez1\/#website\"},\"primaryImageOfPage\":{\"@id\":\"https:\/\/www.ezoela.com\/ez1\/index.php\/fabrication-des-tenues-de-services\/#primaryimage\"},\"image\":{\"@id\":\"https:\/\/www.ezoela.com\/ez1\/index.php\/fabrication-des-tenues-de-services\/#primaryimage\"},\"thumbnailUrl\":\"https:\/\/www.ezoela.com\/ez1\/wp-content\/uploads\/2025\/02\/uniform-realistic-Converti.png\",\"datePublished\":\"2025-02-28T15:49:01+00:00\",\"dateModified\":\"2025-03-27T13:59:40+00:00\",\"breadcrumb\":{\"@id\":\"https:\/\/www.ezoela.com\/ez1\/index.php\/fabrication-des-tenues-de-services\/#breadcrumb\"},\"inLanguage\":\"fr-FR\",\"potentialAction\":[{\"@type\":\"ReadAction\",\"target\":[\"https:\/\/www.ezoela.com\/ez1\/index.php\/fabrication-des-tenues-de-services\/\"]}]},{\"@type\":\"ImageObject\",\"inLanguage\":\"fr-FR\",\"@id\":\"https:\/\/www.ezoela.com\/ez1\/index.php\/fabrication-des-tenues-de-services\/#primaryimage\",\"url\":\"https:\/\/www.ezoela.com\/ez1\/wp-content\/uploads\/2025\/02\/uniform-realistic-Converti.png\",\"contentUrl\":\"https:\/\/www.ezoela.com\/ez1\/wp-content\/uploads\/2025\/02\/uniform-realistic-Converti.png\",\"width\":2362,\"height\":2084},{\"@type\":\"BreadcrumbList\",\"@id\":\"https:\/\/www.ezoela.com\/ez1\/index.php\/fabrication-des-tenues-de-services\/#breadcrumb\",\"itemListElement\":[{\"@type\":\"ListItem\",\"position\":1,\"name\":\"Accueil\",\"item\":\"https:\/\/www.ezoela.com\/ez1\/\"},{\"@type\":\"ListItem\",\"position\":2,\"name\":\"Fabrication des tenues de services\"}]},{\"@type\":\"WebSite\",\"@id\":\"https:\/\/www.ezoela.com\/ez1\/#website\",\"url\":\"https:\/\/www.ezoela.com\/ez1\/\",\"name\":\"Ezoela sarl\",\"description\":\"La vie est une architecture\",\"publisher\":{\"@id\":\"https:\/\/www.ezoela.com\/ez1\/#organization\"},\"potentialAction\":[{\"@type\":\"SearchAction\",\"target\":{\"@type\":\"EntryPoint\",\"urlTemplate\":\"https:\/\/www.ezoela.com\/ez1\/?s={search_term_string}\"},\"query-input\":{\"@type\":\"PropertyValueSpecification\",\"valueRequired\":true,\"valueName\":\"search_term_string\"}}],\"inLanguage\":\"fr-FR\"},{\"@type\":\"Organization\",\"@id\":\"https:\/\/www.ezoela.com\/ez1\/#organization\",\"name\":\"Ezoela sarl\",\"url\":\"https:\/\/www.ezoela.com\/ez1\/\",\"logo\":{\"@type\":\"ImageObject\",\"inLanguage\":\"fr-FR\",\"@id\":\"https:\/\/www.ezoela.com\/ez1\/#\/schema\/logo\/image\/\",\"url\":\"https:\/\/www.ezoela.com\/ez1\/wp-content\/uploads\/2023\/12\/cropped-favicon.png\",\"contentUrl\":\"https:\/\/www.ezoela.com\/ez1\/wp-content\/uploads\/2023\/12\/cropped-favicon.png\",\"width\":200,\"height\":200,\"caption\":\"Ezoela sarl\"},\"image\":{\"@id\":\"https:\/\/www.ezoela.com\/ez1\/#\/schema\/logo\/image\/\"}}]}<\/script>\n<!-- \/ Yoast SEO plugin. -->","yoast_head_json":{"title":"Fabrication des tenues de services - Ezoela sarl","robots":{"index":"index","follow":"follow","max-snippet":"max-snippet:-1","max-image-preview":"max-image-preview:large","max-video-preview":"max-video-preview:-1"},"canonical":"https:\/\/www.ezoela.com\/ez1\/index.php\/fabrication-des-tenues-de-services\/","og_locale":"fr_FR","og_type":"article","og_title":"Fabrication des tenues de services - Ezoela sarl","og_description":"Contactez-nous Dans un monde o\u00f9 la technologie \u00e9volue \u00e0 une vitesse fulgurante, Dans un environnement professionnel o\u00f9 l&rsquo;image et la s\u00e9curit\u00e9 sont primordiales, Ezoela sarl se sp\u00e9cialise dans la fourniture de tenues de travail adapt\u00e9es \u00e0 divers secteurs d&rsquo;activit\u00e9. Que ce soit pour le b\u00e2timent, l&rsquo;industrie, ou les services, notre boutique propose une gamme compl\u00e8te de v\u00eatements alliant fonctionnalit\u00e9, confort et esth\u00e9tisme. Conscients des exigences sp\u00e9cifiques de chaque m\u00e9tier, nous s\u00e9lectionnons des mat\u00e9riaux de qualit\u00e9 et des designs ergonomiques pour garantir la satisfaction de nos clients. Avec un service personnalis\u00e9 et une attention particuli\u00e8re port\u00e9e aux d\u00e9tails, Ezoela sarl s&rsquo;engage \u00e0 habiller les professionnels avec des tenues qui refl\u00e8tent leur identit\u00e9 tout en assurant leur s\u00e9curit\u00e9 au travail. La n\u00e9cessit\u00e9 d&rsquo;\u00e9quipements informatiques de qualit\u00e9 et de consommables fiables n&rsquo;a jamais \u00e9t\u00e9 aussi cruciale. Ezoela Sarl se positionne comme un acteur incontournable dans ce domaine, offrant une large gamme de produits allant des cartouches d&rsquo;encre et toners aux accessoires divers pour ordinateurs. Avec un engagement envers l&rsquo;excellence et la satisfaction client, Ezoela Sarl s&rsquo;efforce de fournir des solutions adapt\u00e9es aux besoins des professionnels comme des particuliers. All Fabrication des tenues de service Fabrication des tenues de service Fabrication des tenues de serviceEn savoir plus.","og_url":"https:\/\/www.ezoela.com\/ez1\/index.php\/fabrication-des-tenues-de-services\/","og_site_name":"Ezoela sarl","article_modified_time":"2025-03-27T13:59:40+00:00","og_image":[{"width":2362,"height":2084,"url":"https:\/\/www.ezoela.com\/ez1\/wp-content\/uploads\/2025\/02\/uniform-realistic-Converti.png","type":"image\/png"}],"twitter_card":"summary_large_image","twitter_misc":{"Dur\u00e9e de lecture estim\u00e9e":"1 minute"},"schema":{"@context":"https:\/\/schema.org","@graph":[{"@type":"WebPage","@id":"https:\/\/www.ezoela.com\/ez1\/index.php\/fabrication-des-tenues-de-services\/","url":"https:\/\/www.ezoela.com\/ez1\/index.php\/fabrication-des-tenues-de-services\/","name":"Fabrication des tenues de services - Ezoela sarl","isPartOf":{"@id":"https:\/\/www.ezoela.com\/ez1\/#website"},"primaryImageOfPage":{"@id":"https:\/\/www.ezoela.com\/ez1\/index.php\/fabrication-des-tenues-de-services\/#primaryimage"},"image":{"@id":"https:\/\/www.ezoela.com\/ez1\/index.php\/fabrication-des-tenues-de-services\/#primaryimage"},"thumbnailUrl":"https:\/\/www.ezoela.com\/ez1\/wp-content\/uploads\/2025\/02\/uniform-realistic-Converti.png","datePublished":"2025-02-28T15:49:01+00:00","dateModified":"2025-03-27T13:59:40+00:00","breadcrumb":{"@id":"https:\/\/www.ezoela.com\/ez1\/index.php\/fabrication-des-tenues-de-services\/#breadcrumb"},"inLanguage":"fr-FR","potentialAction":[{"@type":"ReadAction","target":["https:\/\/www.ezoela.com\/ez1\/index.php\/fabrication-des-tenues-de-services\/"]}]},{"@type":"ImageObject","inLanguage":"fr-FR","@id":"https:\/\/www.ezoela.com\/ez1\/index.php\/fabrication-des-tenues-de-services\/#primaryimage","url":"https:\/\/www.ezoela.com\/ez1\/wp-content\/uploads\/2025\/02\/uniform-realistic-Converti.png","contentUrl":"https:\/\/www.ezoela.com\/ez1\/wp-content\/uploads\/2025\/02\/uniform-realistic-Converti.png","width":2362,"height":2084},{"@type":"BreadcrumbList","@id":"https:\/\/www.ezoela.com\/ez1\/index.php\/fabrication-des-tenues-de-services\/#breadcrumb","itemListElement":[{"@type":"ListItem","position":1,"name":"Accueil","item":"https:\/\/www.ezoela.com\/ez1\/"},{"@type":"ListItem","position":2,"name":"Fabrication des tenues de services"}]},{"@type":"WebSite","@id":"https:\/\/www.ezoela.com\/ez1\/#website","url":"https:\/\/www.ezoela.com\/ez1\/","name":"Ezoela sarl","description":"La vie est une architecture","publisher":{"@id":"https:\/\/www.ezoela.com\/ez1\/#organization"},"potentialAction":[{"@type":"SearchAction","target":{"@type":"EntryPoint","urlTemplate":"https:\/\/www.ezoela.com\/ez1\/?s={search_term_string}"},"query-input":{"@type":"PropertyValueSpecification","valueRequired":true,"valueName":"search_term_string"}}],"inLanguage":"fr-FR"},{"@type":"Organization","@id":"https:\/\/www.ezoela.com\/ez1\/#organization","name":"Ezoela sarl","url":"https:\/\/www.ezoela.com\/ez1\/","logo":{"@type":"ImageObject","inLanguage":"fr-FR","@id":"https:\/\/www.ezoela.com\/ez1\/#\/schema\/logo\/image\/","url":"https:\/\/www.ezoela.com\/ez1\/wp-content\/uploads\/2023\/12\/cropped-favicon.png","contentUrl":"https:\/\/www.ezoela.com\/ez1\/wp-content\/uploads\/2023\/12\/cropped-favicon.png","width":200,"height":200,"caption":"Ezoela sarl"},"image":{"@id":"https:\/\/www.ezoela.com\/ez1\/#\/schema\/logo\/image\/"}}]}},"_links":{"self":[{"href":"https:\/\/www.ezoela.com\/ez1\/index.php\/wp-json\/wp\/v2\/pages\/1963","targetHints":{"allow":["GET"]}}],"collection":[{"href":"https:\/\/www.ezoela.com\/ez1\/index.php\/wp-json\/wp\/v2\/pages"}],"about":[{"href":"https:\/\/www.ezoela.com\/ez1\/index.php\/wp-json\/wp\/v2\/types\/page"}],"author":[{"embeddable":true,"href":"https:\/\/www.ezoela.com\/ez1\/index.php\/wp-json\/wp\/v2\/users\/1"}],"replies":[{"embeddable":true,"href":"https:\/\/www.ezoela.com\/ez1\/index.php\/wp-json\/wp\/v2\/comments?post=1963"}],"version-history":[{"count":13,"href":"https:\/\/www.ezoela.com\/ez1\/index.php\/wp-json\/wp\/v2\/pages\/1963\/revisions"}],"predecessor-version":[{"id":2293,"href":"https:\/\/www.ezoela.com\/ez1\/index.php\/wp-json\/wp\/v2\/pages\/1963\/revisions\/2293"}],"wp:attachment":[{"href":"https:\/\/www.ezoela.com\/ez1\/index.php\/wp-json\/wp\/v2\/media?parent=1963"}],"curies":[{"name":"wp","href":"https:\/\/api.w.org\/{rel}","templated":true}]}}